{"id":551,"date":"2025-07-04T10:26:39","date_gmt":"2025-07-04T10:26:39","guid":{"rendered":"https:\/\/www.vinfasttour.com\/conditions-generales\/"},"modified":"2025-09-08T13:51:47","modified_gmt":"2025-09-08T13:51:47","slug":"conditions-generales","status":"publish","type":"page","link":"https:\/\/www.vinfasttour.com\/fr\/conditions-generales\/","title":{"rendered":"Conditions g\u00e9n\u00e9rales"},"content":{"rendered":"[vc_row type=\u00a0\u00bbfull_width_background\u00a0\u00bb full_screen_row_position=\u00a0\u00bbmiddle\u00a0\u00bb column_margin=\u00a0\u00bbdefault\u00a0\u00bb column_direction=\u00a0\u00bbdefault\u00a0\u00bb column_direction_tablet=\u00a0\u00bbdefault\u00a0\u00bb column_direction_phone=\u00a0\u00bbdefault\u00a0\u00bb bg_color=\u00a0\u00bb#1464F4&Prime; scene_position=\u00a0\u00bbcenter\u00a0\u00bb text_color=\u00a0\u00bblight\u00a0\u00bb text_align=\u00a0\u00bbleft\u00a0\u00bb row_border_radius=\u00a0\u00bbnone\u00a0\u00bb row_border_radius_applies=\u00a0\u00bbbg\u00a0\u00bb overflow=\u00a0\u00bbvisible\u00a0\u00bb advanced_gradient=\u00a0\u00bblinear-gradient(0deg, rgba(0,0,0,0) 43%, rgba(0,0,0,0) 43%)\u00a0\u00bb shape_divider_position=\u00a0\u00bbbottom\u00a0\u00bb bg_image_animation=\u00a0\u00bbzoom-out\u00a0\u00bb mobile_disable_bg_image_animation=\u00a0\u00bbtrue\u00a0\u00bb parallax_bg=\u00a0\u00bbtrue\u00a0\u00bb parallax_bg_speed=\u00a0\u00bbmedium_fast\u00a0\u00bb gradient_type=\u00a0\u00bbadvanced\u00a0\u00bb shape_type=\u00a0\u00bb\u00a0\u00bb advanced_gradient_display_type=\u00a0\u00bblinear\u00a0\u00bb][vc_column bottom_padding_desktop=\u00a0\u00bb40px\u00a0\u00bb column_element_direction_desktop=\u00a0\u00bbdefault\u00a0\u00bb column_element_spacing=\u00a0\u00bbdefault\u00a0\u00bb desktop_text_alignment=\u00a0\u00bbdefault\u00a0\u00bb tablet_text_alignment=\u00a0\u00bbdefault\u00a0\u00bb phone_text_alignment=\u00a0\u00bbdefault\u00a0\u00bb background_color_opacity=\u00a0\u00bb1&Prime; background_hover_color_opacity=\u00a0\u00bb1&Prime; column_backdrop_filter=\u00a0\u00bbnone\u00a0\u00bb column_shadow=\u00a0\u00bbnone\u00a0\u00bb column_border_radius=\u00a0\u00bbnone\u00a0\u00bb column_link_target=\u00a0\u00bb_self\u00a0\u00bb column_position=\u00a0\u00bbdefault\u00a0\u00bb gradient_direction=\u00a0\u00bbleft_to_right\u00a0\u00bb overlay_strength=\u00a0\u00bb0.3&Prime; width=\u00a0\u00bb1\/1&Prime; tablet_width_inherit=\u00a0\u00bbdefault\u00a0\u00bb animation_type=\u00a0\u00bbdefault\u00a0\u00bb bg_image_animation=\u00a0\u00bbnone\u00a0\u00bb border_type=\u00a0\u00bbsimple\u00a0\u00bb column_border_width=\u00a0\u00bbnone\u00a0\u00bb column_border_style=\u00a0\u00bbsolid\u00a0\u00bb column_padding_type=\u00a0\u00bbadvanced\u00a0\u00bb gradient_type=\u00a0\u00bbdefault\u00a0\u00bb][divider line_type=\u00a0\u00bbNo Line\u00a0\u00bb custom_height=\u00a0\u00bb10vh\u00a0\u00bb][\/vc_column][\/vc_row][vc_row type=\u00a0\u00bbfull_width_background\u00a0\u00bb full_screen_row_position=\u00a0\u00bbmiddle\u00a0\u00bb column_margin=\u00a0\u00bbdefault\u00a0\u00bb column_direction=\u00a0\u00bbdefault\u00a0\u00bb column_direction_tablet=\u00a0\u00bbdefault\u00a0\u00bb column_direction_phone=\u00a0\u00bbdefault\u00a0\u00bb scene_position=\u00a0\u00bbcenter\u00a0\u00bb text_color=\u00a0\u00bblight\u00a0\u00bb text_align=\u00a0\u00bbleft\u00a0\u00bb row_border_radius=\u00a0\u00bbnone\u00a0\u00bb row_border_radius_applies=\u00a0\u00bbbg\u00a0\u00bb overflow=\u00a0\u00bbvisible\u00a0\u00bb advanced_gradient=\u00a0\u00bblinear-gradient(0deg, rgba(0,0,0,0) 43%, rgba(0,0,0,0) 43%)\u00a0\u00bb shape_divider_position=\u00a0\u00bbbottom\u00a0\u00bb bg_image_animation=\u00a0\u00bbzoom-out\u00a0\u00bb mobile_disable_bg_image_animation=\u00a0\u00bbtrue\u00a0\u00bb parallax_bg=\u00a0\u00bbtrue\u00a0\u00bb parallax_bg_speed=\u00a0\u00bbmedium_fast\u00a0\u00bb gradient_type=\u00a0\u00bbadvanced\u00a0\u00bb shape_type=\u00a0\u00bb\u00a0\u00bb advanced_gradient_display_type=\u00a0\u00bblinear\u00a0\u00bb][vc_column bottom_padding_desktop=\u00a0\u00bb40px\u00a0\u00bb column_element_direction_desktop=\u00a0\u00bbdefault\u00a0\u00bb column_element_spacing=\u00a0\u00bbdefault\u00a0\u00bb desktop_text_alignment=\u00a0\u00bbdefault\u00a0\u00bb tablet_text_alignment=\u00a0\u00bbdefault\u00a0\u00bb phone_text_alignment=\u00a0\u00bbdefault\u00a0\u00bb background_color_opacity=\u00a0\u00bb1&Prime; background_hover_color_opacity=\u00a0\u00bb1&Prime; column_backdrop_filter=\u00a0\u00bbnone\u00a0\u00bb column_shadow=\u00a0\u00bbnone\u00a0\u00bb column_border_radius=\u00a0\u00bbnone\u00a0\u00bb column_link_target=\u00a0\u00bb_self\u00a0\u00bb column_position=\u00a0\u00bbdefault\u00a0\u00bb gradient_direction=\u00a0\u00bbleft_to_right\u00a0\u00bb overlay_strength=\u00a0\u00bb0.3&Prime; width=\u00a0\u00bb1\/1&Prime; tablet_width_inherit=\u00a0\u00bbdefault\u00a0\u00bb animation_type=\u00a0\u00bbdefault\u00a0\u00bb bg_image_animation=\u00a0\u00bbnone\u00a0\u00bb border_type=\u00a0\u00bbsimple\u00a0\u00bb column_border_width=\u00a0\u00bbnone\u00a0\u00bb column_border_style=\u00a0\u00bbsolid\u00a0\u00bb column_padding_type=\u00a0\u00bbadvanced\u00a0\u00bb gradient_type=\u00a0\u00bbdefault\u00a0\u00bb][divider line_type=\u00a0\u00bbNo Line\u00a0\u00bb custom_height=\u00a0\u00bb10vh\u00a0\u00bb][vc_column_text css=\u00a0\u00bb\u00a0\u00bb text_direction=\u00a0\u00bbdefault\u00a0\u00bb]\n<h2><span style=\"color: #000000;\">Conditions g\u00e9n\u00e9rales<\/span><\/h2>\n<h3><span style=\"color: #000000;\">Informations g\u00e9n\u00e9rales<\/span><\/h3>\n<p class=\"p1\"><span style=\"color: #000000;\">Ce concours te donne la chance de gagner un essai exclusif d&rsquo;un v\u00e9hicule \u00e9lectrique VinFast, comprenant un road trip entre l&rsquo;Allemagne et la France et une exp\u00e9rience tout compris pour deux personnes. Le gagnant recevra deux nuits d&rsquo;h\u00f4tel, des repas (petit-d\u00e9jeuner, d\u00e9jeuner et d\u00eener), et une exp\u00e9rience de conduite de 3 \u00e0 4 heures avec un VE VinFast pr\u00eat\u00e9. <\/span><\/p>\n<p class=\"p2\"><span style=\"color: #000000;\">L&rsquo;objectif de la campagne est de mettre en avant des interactions r\u00e9elles avec la voiture VF 8 Plus et de donner aux participants une impression authentique de ce que l&rsquo;on ressent lors d&rsquo;un road trip avec ce v\u00e9hicule. La campagne est con\u00e7ue \u00e0 la fois pour les participants qui conduisent diff\u00e9rents segments du VinFast Tour, et pour les followers de VinFast sur les r\u00e9seaux sociaux qui peuvent suivre le voyage via Instagram, Facebook, et en partie LinkedIn. <\/span><\/p>\n<h3><span style=\"color: #000000;\">P\u00e9riode de la campagne<\/span><\/h3>\n<p><span style=\"color: #000000;\">Le concours se d\u00e9roule du <strong>1er septembre 2025 au 15 septembre 2025<\/strong> et est ouvert aux personnes \u00e2g\u00e9es de 25 ans ou plus. Pour participer, tu dois remplir le formulaire de candidature sur la page de la campagne et fournir une d\u00e9claration de motivation expliquant pourquoi tu devrais \u00eatre s\u00e9lectionn\u00e9. <\/span><\/p>\n<h3><span style=\"color: #000000;\">S\u00e9lection du gagnant<\/span><\/h3>\n<p class=\"p1\"><span style=\"color: #000000;\"><span class=\"s1\">Le<\/span> <span class=\"s1\">gagnant<\/span> <span class=\"s1\">sera<\/span> <span class=\"s1\">s\u00e9lectionn\u00e9 par un jury interne de VinFast<\/span> <span class=\"s1\">sur la base<\/span> <span class=\"s1\">de<\/span> <span class=\"s1\">la<\/span> <span class=\"s1\">d\u00e9claration de<\/span> <span class=\"s1\">motivation.<\/span> Le prix consiste en un road trip tout compris d&rsquo;environ 3 \u00e0 4 heures pour deux personnes. Le gagnant sera notifi\u00e9 par e-mail ou par t\u00e9l\u00e9phone apr\u00e8s la fin de la campagne et devra r\u00e9pondre dans un d\u00e9lai de <b>2 jours<\/b>. Si le gagnant ne r\u00e9pond pas dans ce d\u00e9lai, VinFast se r\u00e9serve le droit de s\u00e9lectionner un nouveau gagnant. <\/span><\/p>\n<h3><span style=\"color: #000000;\">D\u00e9tails du voyage<\/span><\/h3>\n<p><span style=\"color: #000000;\">Le gagnant et un invit\u00e9 auront l&rsquo;opportunit\u00e9 de participer \u00e0 un road trip en Allemagne et en France ou entre ces deux pays sur une journ\u00e9e entre le <strong>25 et le 30 septembre 2025<\/strong>, comprenant :<\/span><\/p>\n<ul>\n<li><span style=\"color: #000000;\">\u2022 Deux nuits dans un h\u00f4tel haut de gamme (une nuit avant le road trip et une nuit \u00e0 la destination finale apr\u00e8s le voyage).<\/span><\/li>\n<li><span style=\"color: #000000;\">\u2022 H\u00e9bergement en chambre double pour le gagnant et son invit\u00e9 dans les deux h\u00f4tels.<\/span><\/li>\n<li><span style=\"color: #000000;\">\u2022 Petit-d\u00e9jeuner, d\u00e9jeuner et d\u00eener (dans des restaurants s\u00e9lectionn\u00e9s par VinFast).<\/span><\/li>\n<li><span style=\"color: #000000;\">\u2022 Un trajet de 3 \u00e0 4 heures dans une voiture \u00e9lectrique VinFast pr\u00eat\u00e9e.<\/span><\/li>\n<\/ul>\n<p><span style=\"color: #000000;\">Le voyage sera organis\u00e9 par VinFast, et une \u00e9quipe de production filmera et photographiera l&rsquo;ensemble du voyage, \u00e0 l&rsquo;int\u00e9rieur et \u00e0 l&rsquo;ext\u00e9rieur de la voiture, y compris avec une voiture suiveuse pour les prises de vue externes. Le gagnant doit accepter d&rsquo;\u00eatre film\u00e9 et photographi\u00e9 pour les publications sur les r\u00e9seaux sociaux de VinFast. <\/span><\/p>\n<h3><span style=\"color: #000000;\">Frais de p\u00e9age et de recharge<\/span><\/h3>\n<p><span style=\"color: #000000;\">Toutes les d\u00e9penses li\u00e9es aux p\u00e9ages et \u00e0 la recharge du v\u00e9hicule \u00e9lectrique pendant le trajet seront rembours\u00e9es par VinFast sur pr\u00e9sentation de re\u00e7us valides. Pour des raisons pratiques, il est conseill\u00e9 aux participants d\u2019apporter une carte de cr\u00e9dit valide afin de couvrir ces d\u00e9penses pendant le voyage avant remboursement.<\/span><\/p>\n<h3><span style=\"color: #000000;\">Valeur du prix<\/span><\/h3>\n<p><span style=\"color: #000000;\">La valeur totale du prix est d&rsquo;environ 1 000 EUR, comprenant deux nuits en chambre double d&rsquo;h\u00f4tel, les repas (petit-d\u00e9jeuner, d\u00e9jeuner, d\u00eener), la recharge du VE et l&rsquo;utilisation du v\u00e9hicule. Le gagnant peut amener un invit\u00e9. <\/span><\/p>\n<p><span style=\"color: #000000;\">Non inclus : toutes les d\u00e9penses personnelles, telles que le voyage vers et depuis le lieu de d\u00e9part du road trip, qui sont \u00e0 la charge du gagnant.<\/span><\/p>\n<h3><span style=\"color: #000000;\">Taxes<\/span><\/h3>\n<p><span style=\"color: #000000;\">Le prix peut \u00eatre soumis \u00e0 imposition selon la situation fiscale du gagnant et les lois fiscales locales applicables. Il est conseill\u00e9 aux gagnants de consulter un professionnel de la fiscalit\u00e9 pour s&rsquo;assurer du respect de toutes les obligations dans leur pays de r\u00e9sidence. VinFast n&rsquo;est pas responsable des taxes ou frais d\u00e9coulant du prix. <\/span><\/p>\n<h3><span style=\"color: #000000;\">Conditions d&rsquo;\u00e9ligibilit\u00e9<\/span><\/h3>\n<p><span style=\"color: #000000;\">Pour \u00eatre \u00e9ligibles, les participants doivent :<\/span><\/p>\n<ul>\n<li><span style=\"color: #000000;\">\u2022 Avoir au moins 25 ans.<\/span><\/li>\n<li><span style=\"color: #000000;\">\u2022 Poss\u00e9der un permis de conduire europ\u00e9en valide.<\/span><\/li>\n<li><span style=\"color: #000000;\">\u2022 Remplir le formulaire de candidature officiel et accepter ces Conditions g\u00e9n\u00e9rales.<\/span><\/li>\n<li><span style=\"color: #000000;\">\u2022 \u00catre disponible pour les dates de voyage sp\u00e9cifiques propos\u00e9es par VinFast.<\/span><\/li>\n<\/ul>\n<h3><span style=\"color: #000000;\">Responsabilit\u00e9<\/span><\/h3>\n<p><span style=\"color: #000000;\">VinFast n&rsquo;est pas responsable des dommages, pertes ou blessures personnelles qui pourraient survenir pendant le voyage ou lors de l&rsquo;utilisation du v\u00e9hicule pr\u00eat\u00e9. Les participants sont responsables du respect de toutes les lois et r\u00e9glementations de la circulation routi\u00e8re pendant la conduite. VinFast recommande aux participants de s&rsquo;assurer qu&rsquo;ils disposent de leur propre couverture d&rsquo;assurance. <\/span><\/p>\n<p><span style=\"color: #000000;\">Le(s) conducteur(s) devra(ont) signer un accord d&rsquo;essai dans les m\u00eames conditions qu&rsquo;un essai standard. VinFast se r\u00e9serve \u00e9galement le droit d&rsquo;annuler ou de modifier le voyage si les circonstances l&rsquo;exigent, sans \u00eatre financi\u00e8rement responsable des pertes qui en r\u00e9sulteraient. <\/span><\/p>\n<p><span style=\"color: #000000;\">Une fois le concours termin\u00e9, toutes les informations personnelles fournies par les participants seront supprim\u00e9es. Aucune donn\u00e9e ne sera partag\u00e9e avec des tiers \u00e0 des fins publicitaires ou autres. <\/span><\/p>\n<h3><span style=\"color: #000000;\">Confidentialit\u00e9<\/span><\/h3>\n<p><span style=\"color: #000000;\">Les donn\u00e9es personnelles collect\u00e9es dans le cadre de ce concours ne seront utilis\u00e9es que pour administrer le concours et contacter le gagnant. Toutes les donn\u00e9es seront trait\u00e9es conform\u00e9ment \u00e0 la <a style=\"color: #000000;\" href=\"https:\/\/vinfastauto.eu\/fr\/privacy-policy\" target=\"_blank\" rel=\"noopener\">Politique de confidentialit\u00e9 de VinFast<\/a>. Les participants peuvent demander la suppression de leurs donn\u00e9es \u00e0 tout moment en contactant VinFast. <\/span><\/p>\n<h3><span style=\"color: #000000;\">Mat\u00e9riel photo et vid\u00e9o<\/span><\/h3>\n<p><span style=\"color: #000000;\">Pendant le road trip, une \u00e9quipe de production VinFast documentera l&rsquo;exp\u00e9rience par des photos et des vid\u00e9os. Les participants acceptent que tout le mat\u00e9riel puisse \u00eatre utilis\u00e9 par VinFast \u00e0 des fins marketing, y compris la publication sur les r\u00e9seaux sociaux, les sites web et d&rsquo;autres canaux de communication. <\/span><\/p>\n<p><span style=\"color: #000000;\">Le but de cette documentation est d&rsquo;inspirer et de montrer une utilisation authentique du v\u00e9hicule et l&rsquo;exp\u00e9rience du gagnant, y compris un d\u00e9jeuner vietnamien. Le tournage aura lieu entre 9h00 et 17h00 le jour du road trip. L&rsquo;\u00e9quipe ne sera pas pr\u00e9sente \u00e0 l&rsquo;h\u00f4tel ou pendant le d\u00eener. <\/span><\/p>\n<p><span style=\"color: #000000;\">Les participants ne recevront pas de compensation pour l&rsquo;utilisation de ce mat\u00e9riel. Ils devront signer un formulaire de consentement pour l&rsquo;utilisation des images et des vid\u00e9os. <\/span><\/p>\n<h3><span style=\"color: #000000;\">Modifications des conditions<\/span><\/h3>\n<p><span style=\"color: #000000;\">VinFast se r\u00e9serve le droit de modifier ou d&rsquo;annuler le concours \u00e0 tout moment si les circonstances l&rsquo;exigent. Tout changement sera annonc\u00e9 via des mises \u00e0 jour sur la page de la campagne et, le cas \u00e9ch\u00e9ant, directement au gagnant. <\/span><\/p>\n<h3><span style=\"color: #000000;\">Autres<\/span><\/h3>\n<p><span style=\"color: #000000;\">La campagne n&rsquo;est pas sponsoris\u00e9e ou administr\u00e9e par un tiers. Toutes les taxes d\u00e9coulant du prix sont de la seule responsabilit\u00e9 du gagnant. <\/span><\/p>\n<p class=\"p1\"><span style=\"color: #000000;\"><b>Loi applicable et juridiction<\/b><\/span><\/p>\n<p class=\"p1\"><span style=\"color: #000000;\">Ces Conditions g\u00e9n\u00e9rales sont r\u00e9gies et interpr\u00e9t\u00e9es conform\u00e9ment aux lois de la France, sans pr\u00e9judice des r\u00e8gles imp\u00e9ratives de protection des consommateurs du pays dans lequel le participant a sa r\u00e9sidence habituelle.<\/span><\/p>\n<p class=\"p1\"><span style=\"color: #000000;\">Tout litige d\u00e9coulant de ou en relation avec ces Conditions g\u00e9n\u00e9rales sera soumis au tribunal de commerce comp\u00e9tent de Paris, \u00e9tant entendu que les consommateurs peuvent intenter une action devant les tribunaux de leur pays de r\u00e9sidence si ce droit leur est accord\u00e9 en vertu de la l\u00e9gislation applicable en mati\u00e8re de protection des consommateurs.<\/span><\/p>\n<h3><span style=\"color: #000000;\">Acceptation des conditions<\/span><\/h3>\n<p><span style=\"color: #000000;\">En participant \u00e0 ce concours, tu confirmes avoir lu, compris et accept\u00e9 ces Conditions g\u00e9n\u00e9rales.<\/span>[\/vc_column_text][divider line_type=\u00a0\u00bbNo Line\u00a0\u00bb custom_height=\u00a0\u00bb10vh\u00a0\u00bb][\/vc_column][\/vc_row]\n","protected":false},"excerpt":{"rendered":"<p>[vc_row type=\u00a0\u00bbfull_width_background\u00a0\u00bb full_screen_row_position=\u00a0\u00bbmiddle\u00a0\u00bb column_margin=\u00a0\u00bbdefault\u00a0\u00bb column_direction=\u00a0\u00bbdefault\u00a0\u00bb column_direction_tablet=\u00a0\u00bbdefault\u00a0\u00bb column_direction_phone=\u00a0\u00bbdefault\u00a0\u00bb bg_color=\u00a0\u00bb#1464F4&Prime; scene_position=\u00a0\u00bbcenter\u00a0\u00bb text_color=\u00a0\u00bblight\u00a0\u00bb text_align=\u00a0\u00bbleft\u00a0\u00bb row_border_radius=\u00a0\u00bbnone\u00a0\u00bb row_border_radius_applies=\u00a0\u00bbbg\u00a0\u00bb overflow=\u00a0\u00bbvisible\u00a0\u00bb advanced_gradient=\u00a0\u00bblinear-gradient(0deg, rgba(0,0,0,0) 43%, rgba(0,0,0,0) 43%)\u00a0\u00bb shape_divider_position=\u00a0\u00bbbottom\u00a0\u00bb bg_image_animation=\u00a0\u00bbzoom-out\u00a0\u00bb mobile_disable_bg_image_animation=\u00a0\u00bbtrue\u00a0\u00bb parallax_bg=\u00a0\u00bbtrue\u00a0\u00bb parallax_bg_speed=\u00a0\u00bbmedium_fast\u00a0\u00bb gradient_type=\u00a0\u00bbadvanced\u00a0\u00bb shape_type=\u00a0\u00bb\u00a0\u00bb advanced_gradient_display_type=\u00a0\u00bblinear\u00a0\u00bb][vc_column bottom_padding_desktop=\u00a0\u00bb40px\u00a0\u00bb column_element_direction_desktop=\u00a0\u00bbdefault\u00a0\u00bb column_element_spacing=\u00a0\u00bbdefault\u00a0\u00bb&#8230;<\/p>\n","protected":false},"author":1,"featured_media":0,"parent":0,"menu_order":0,"comment_status":"closed","ping_status":"closed","template":"","meta":{"footnotes":""},"class_list":["post-551","page","type-page","status-publish"],"yoast_head":"<!-- This site is optimized with the Yoast SEO plugin v25.8 - https:\/\/yoast.com\/wordpress\/plugins\/seo\/ -->\n<title>Conditions g\u00e9n\u00e9rales - The VinFast Tour<\/title>\n<meta name=\"robots\" content=\"index, follow, max-snippet:-1, max-image-preview:large, max-video-preview:-1\" \/>\n<link rel=\"canonical\" href=\"https:\/\/www.vinfasttour.com\/fr\/conditions-generales\/\" \/>\n<meta property=\"og:locale\" content=\"fr_FR\" \/>\n<meta property=\"og:type\" content=\"article\" \/>\n<meta property=\"og:title\" content=\"Conditions g\u00e9n\u00e9rales - The VinFast Tour\" \/>\n<meta property=\"og:description\" content=\"[vc_row type=\u00a0\u00bbfull_width_background\u00a0\u00bb full_screen_row_position=\u00a0\u00bbmiddle\u00a0\u00bb column_margin=\u00a0\u00bbdefault\u00a0\u00bb column_direction=\u00a0\u00bbdefault\u00a0\u00bb column_direction_tablet=\u00a0\u00bbdefault\u00a0\u00bb column_direction_phone=\u00a0\u00bbdefault\u00a0\u00bb bg_color=\u00a0\u00bb#1464F4&Prime; scene_position=\u00a0\u00bbcenter\u00a0\u00bb text_color=\u00a0\u00bblight\u00a0\u00bb text_align=\u00a0\u00bbleft\u00a0\u00bb row_border_radius=\u00a0\u00bbnone\u00a0\u00bb row_border_radius_applies=\u00a0\u00bbbg\u00a0\u00bb overflow=\u00a0\u00bbvisible\u00a0\u00bb advanced_gradient=\u00a0\u00bblinear-gradient(0deg, rgba(0,0,0,0) 43%, rgba(0,0,0,0) 43%)\u00a0\u00bb shape_divider_position=\u00a0\u00bbbottom\u00a0\u00bb bg_image_animation=\u00a0\u00bbzoom-out\u00a0\u00bb mobile_disable_bg_image_animation=\u00a0\u00bbtrue\u00a0\u00bb parallax_bg=\u00a0\u00bbtrue\u00a0\u00bb parallax_bg_speed=\u00a0\u00bbmedium_fast\u00a0\u00bb gradient_type=\u00a0\u00bbadvanced\u00a0\u00bb shape_type=\u00a0\u00bb\u00a0\u00bb advanced_gradient_display_type=\u00a0\u00bblinear\u00a0\u00bb][vc_column bottom_padding_desktop=\u00a0\u00bb40px\u00a0\u00bb column_element_direction_desktop=\u00a0\u00bbdefault\u00a0\u00bb column_element_spacing=\u00a0\u00bbdefault\u00a0\u00bb...\" \/>\n<meta property=\"og:url\" content=\"https:\/\/www.vinfasttour.com\/fr\/conditions-generales\/\" \/>\n<meta property=\"og:site_name\" content=\"The VinFast Tour\" \/>\n<meta property=\"article:publisher\" content=\"https:\/\/www.facebook.com\/VinFast.Europe\" \/>\n<meta property=\"article:modified_time\" content=\"2025-09-08T13:51:47+00:00\" \/>\n<meta name=\"twitter:card\" content=\"summary_large_image\" \/>\n<meta name=\"twitter:label1\" content=\"Dur\u00e9e de lecture estim\u00e9e\" \/>\n\t<meta name=\"twitter:data1\" content=\"8 minutes\" \/>\n<script type=\"application\/ld+json\" class=\"yoast-schema-graph\">{\"@context\":\"https:\/\/schema.org\",\"@graph\":[{\"@type\":\"WebPage\",\"@id\":\"https:\/\/www.vinfasttour.com\/fr\/conditions-generales\/\",\"url\":\"https:\/\/www.vinfasttour.com\/fr\/conditions-generales\/\",\"name\":\"Conditions g\u00e9n\u00e9rales - The VinFast Tour\",\"isPartOf\":{\"@id\":\"https:\/\/www.vinfasttour.com\/fr\/#website\"},\"datePublished\":\"2025-07-04T10:26:39+00:00\",\"dateModified\":\"2025-09-08T13:51:47+00:00\",\"breadcrumb\":{\"@id\":\"https:\/\/www.vinfasttour.com\/fr\/conditions-generales\/#breadcrumb\"},\"inLanguage\":\"fr-FR\",\"potentialAction\":[{\"@type\":\"ReadAction\",\"target\":[\"https:\/\/www.vinfasttour.com\/fr\/conditions-generales\/\"]}]},{\"@type\":\"BreadcrumbList\",\"@id\":\"https:\/\/www.vinfasttour.com\/fr\/conditions-generales\/#breadcrumb\",\"itemListElement\":[{\"@type\":\"ListItem\",\"position\":1,\"name\":\"Home\",\"item\":\"https:\/\/www.vinfasttour.com\/fr\/\"},{\"@type\":\"ListItem\",\"position\":2,\"name\":\"Conditions g\u00e9n\u00e9rales\"}]},{\"@type\":\"WebSite\",\"@id\":\"https:\/\/www.vinfasttour.com\/fr\/#website\",\"url\":\"https:\/\/www.vinfasttour.com\/fr\/\",\"name\":\"The VinFast Tour\",\"description\":\"Boundless Together\",\"potentialAction\":[{\"@type\":\"SearchAction\",\"target\":{\"@type\":\"EntryPoint\",\"urlTemplate\":\"https:\/\/www.vinfasttour.com\/fr\/?s={search_term_string}\"},\"query-input\":{\"@type\":\"PropertyValueSpecification\",\"valueRequired\":true,\"valueName\":\"search_term_string\"}}],\"inLanguage\":\"fr-FR\"}]}<\/script>\n<!-- \/ Yoast SEO plugin. -->","yoast_head_json":{"title":"Conditions g\u00e9n\u00e9rales - The VinFast Tour","robots":{"index":"index","follow":"follow","max-snippet":"max-snippet:-1","max-image-preview":"max-image-preview:large","max-video-preview":"max-video-preview:-1"},"canonical":"https:\/\/www.vinfasttour.com\/fr\/conditions-generales\/","og_locale":"fr_FR","og_type":"article","og_title":"Conditions g\u00e9n\u00e9rales - The VinFast Tour","og_description":"[vc_row type=\u00a0\u00bbfull_width_background\u00a0\u00bb full_screen_row_position=\u00a0\u00bbmiddle\u00a0\u00bb column_margin=\u00a0\u00bbdefault\u00a0\u00bb column_direction=\u00a0\u00bbdefault\u00a0\u00bb column_direction_tablet=\u00a0\u00bbdefault\u00a0\u00bb column_direction_phone=\u00a0\u00bbdefault\u00a0\u00bb bg_color=\u00a0\u00bb#1464F4&Prime; scene_position=\u00a0\u00bbcenter\u00a0\u00bb text_color=\u00a0\u00bblight\u00a0\u00bb text_align=\u00a0\u00bbleft\u00a0\u00bb row_border_radius=\u00a0\u00bbnone\u00a0\u00bb row_border_radius_applies=\u00a0\u00bbbg\u00a0\u00bb overflow=\u00a0\u00bbvisible\u00a0\u00bb advanced_gradient=\u00a0\u00bblinear-gradient(0deg, rgba(0,0,0,0) 43%, rgba(0,0,0,0) 43%)\u00a0\u00bb shape_divider_position=\u00a0\u00bbbottom\u00a0\u00bb bg_image_animation=\u00a0\u00bbzoom-out\u00a0\u00bb mobile_disable_bg_image_animation=\u00a0\u00bbtrue\u00a0\u00bb parallax_bg=\u00a0\u00bbtrue\u00a0\u00bb parallax_bg_speed=\u00a0\u00bbmedium_fast\u00a0\u00bb gradient_type=\u00a0\u00bbadvanced\u00a0\u00bb shape_type=\u00a0\u00bb\u00a0\u00bb advanced_gradient_display_type=\u00a0\u00bblinear\u00a0\u00bb][vc_column bottom_padding_desktop=\u00a0\u00bb40px\u00a0\u00bb column_element_direction_desktop=\u00a0\u00bbdefault\u00a0\u00bb column_element_spacing=\u00a0\u00bbdefault\u00a0\u00bb...","og_url":"https:\/\/www.vinfasttour.com\/fr\/conditions-generales\/","og_site_name":"The VinFast Tour","article_publisher":"https:\/\/www.facebook.com\/VinFast.Europe","article_modified_time":"2025-09-08T13:51:47+00:00","twitter_card":"summary_large_image","twitter_misc":{"Dur\u00e9e de lecture estim\u00e9e":"8 minutes"},"schema":{"@context":"https:\/\/schema.org","@graph":[{"@type":"WebPage","@id":"https:\/\/www.vinfasttour.com\/fr\/conditions-generales\/","url":"https:\/\/www.vinfasttour.com\/fr\/conditions-generales\/","name":"Conditions g\u00e9n\u00e9rales - The VinFast Tour","isPartOf":{"@id":"https:\/\/www.vinfasttour.com\/fr\/#website"},"datePublished":"2025-07-04T10:26:39+00:00","dateModified":"2025-09-08T13:51:47+00:00","breadcrumb":{"@id":"https:\/\/www.vinfasttour.com\/fr\/conditions-generales\/#breadcrumb"},"inLanguage":"fr-FR","potentialAction":[{"@type":"ReadAction","target":["https:\/\/www.vinfasttour.com\/fr\/conditions-generales\/"]}]},{"@type":"BreadcrumbList","@id":"https:\/\/www.vinfasttour.com\/fr\/conditions-generales\/#breadcrumb","itemListElement":[{"@type":"ListItem","position":1,"name":"Home","item":"https:\/\/www.vinfasttour.com\/fr\/"},{"@type":"ListItem","position":2,"name":"Conditions g\u00e9n\u00e9rales"}]},{"@type":"WebSite","@id":"https:\/\/www.vinfasttour.com\/fr\/#website","url":"https:\/\/www.vinfasttour.com\/fr\/","name":"The VinFast Tour","description":"Boundless Together","potentialAction":[{"@type":"SearchAction","target":{"@type":"EntryPoint","urlTemplate":"https:\/\/www.vinfasttour.com\/fr\/?s={search_term_string}"},"query-input":{"@type":"PropertyValueSpecification","valueRequired":true,"valueName":"search_term_string"}}],"inLanguage":"fr-FR"}]}},"_links":{"self":[{"href":"https:\/\/www.vinfasttour.com\/fr\/wp-json\/wp\/v2\/pages\/551","targetHints":{"allow":["GET"]}}],"collection":[{"href":"https:\/\/www.vinfasttour.com\/fr\/wp-json\/wp\/v2\/pages"}],"about":[{"href":"https:\/\/www.vinfasttour.com\/fr\/wp-json\/wp\/v2\/types\/page"}],"author":[{"embeddable":true,"href":"https:\/\/www.vinfasttour.com\/fr\/wp-json\/wp\/v2\/users\/1"}],"replies":[{"embeddable":true,"href":"https:\/\/www.vinfasttour.com\/fr\/wp-json\/wp\/v2\/comments?post=551"}],"version-history":[{"count":4,"href":"https:\/\/www.vinfasttour.com\/fr\/wp-json\/wp\/v2\/pages\/551\/revisions"}],"predecessor-version":[{"id":626,"href":"https:\/\/www.vinfasttour.com\/fr\/wp-json\/wp\/v2\/pages\/551\/revisions\/626"}],"wp:attachment":[{"href":"https:\/\/www.vinfasttour.com\/fr\/wp-json\/wp\/v2\/media?parent=551"}],"curies":[{"name":"wp","href":"https:\/\/api.w.org\/{rel}","templated":true}]}}